{"id":138668,"date":"2024-05-27T11:06:19","date_gmt":"2024-05-27T09:06:19","guid":{"rendered":"https:\/\/climateactionaccelerator.org\/?page_id=138668"},"modified":"2025-02-10T11:00:48","modified_gmt":"2025-02-10T10:00:48","slug":"ecv-climatique","status":"publish","type":"page","link":"https:\/\/preprod.climateactionaccelerator.org\/fr\/ecv-climatique\/","title":{"rendered":"Evaluation des Capacit\u00e9s et de la Vuln\u00e9rabilit\u00e9 Climatique des Etablissement de Sant\u00e9"},"content":{"rendered":"","protected":false},"excerpt":{"rendered":"","protected":false},"author":21,"featured_media":138660,"parent":0,"menu_order":0,"comment_status":"closed","ping_status":"closed","template":"","meta":{"_acf_changed":false,"footnotes":""},"class_list":["post-138668","page","type-page","status-publish","has-post-thumbnail","hentry","sector-sante","tags-ecv-climatique","tags-boite-a-outils"],"acf":[],"_links":{"self":[{"href":"https:\/\/preprod.climateactionaccelerator.org\/fr\/wp-json\/wp\/v2\/pages\/138668","targetHints":{"allow":["GET"]}}],"collection":[{"href":"https:\/\/preprod.climateactionaccelerator.org\/fr\/wp-json\/wp\/v2\/pages"}],"about":[{"href":"https:\/\/preprod.climateactionaccelerator.org\/fr\/wp-json\/wp\/v2\/types\/page"}],"author":[{"embeddable":true,"href":"https:\/\/preprod.climateactionaccelerator.org\/fr\/wp-json\/wp\/v2\/users\/21"}],"replies":[{"embeddable":true,"href":"https:\/\/preprod.climateactionaccelerator.org\/fr\/wp-json\/wp\/v2\/comments?post=138668"}],"version-history":[{"count":3,"href":"https:\/\/preprod.climateactionaccelerator.org\/fr\/wp-json\/wp\/v2\/pages\/138668\/revisions"}],"predecessor-version":[{"id":158028,"href":"https:\/\/preprod.climateactionaccelerator.org\/fr\/wp-json\/wp\/v2\/pages\/138668\/revisions\/158028"}],"wp:featuredmedia":[{"embeddable":true,"href":"https:\/\/preprod.climateactionaccelerator.org\/fr\/wp-json\/wp\/v2\/media\/138660"}],"wp:attachment":[{"href":"https:\/\/preprod.climateactionaccelerator.org\/fr\/wp-json\/wp\/v2\/media?parent=138668"}],"curies":[{"name":"wp","href":"https:\/\/api.w.org\/{rel}","templated":true}]}}