{"id":158020,"date":"2025-02-10T10:47:47","date_gmt":"2025-02-10T09:47:47","guid":{"rendered":"https:\/\/climateactionaccelerator.org\/?page_id=158020"},"modified":"2025-02-10T10:54:50","modified_gmt":"2025-02-10T09:54:50","slug":"communautes-action-climat-sante","status":"publish","type":"page","link":"https:\/\/preprod.climateactionaccelerator.org\/fr\/communautes-action-climat-sante\/","title":{"rendered":"Communaut\u00e9s d&rsquo;action : collaborations en mati\u00e8re de climat et de sant\u00e9"},"content":{"rendered":"","protected":false},"excerpt":{"rendered":"","protected":false},"author":21,"featured_media":158018,"parent":0,"menu_order":0,"comment_status":"closed","ping_status":"closed","template":"","meta":{"_acf_changed":false,"footnotes":""},"class_list":["post-158020","page","type-page","status-publish","has-post-thumbnail","hentry","tags-sante","tags-climat","tags-collabotations"],"acf":[],"_links":{"self":[{"href":"https:\/\/preprod.climateactionaccelerator.org\/fr\/wp-json\/wp\/v2\/pages\/158020","targetHints":{"allow":["GET"]}}],"collection":[{"href":"https:\/\/preprod.climateactionaccelerator.org\/fr\/wp-json\/wp\/v2\/pages"}],"about":[{"href":"https:\/\/preprod.climateactionaccelerator.org\/fr\/wp-json\/wp\/v2\/types\/page"}],"author":[{"embeddable":true,"href":"https:\/\/preprod.climateactionaccelerator.org\/fr\/wp-json\/wp\/v2\/users\/21"}],"replies":[{"embeddable":true,"href":"https:\/\/preprod.climateactionaccelerator.org\/fr\/wp-json\/wp\/v2\/comments?post=158020"}],"version-history":[{"count":2,"href":"https:\/\/preprod.climateactionaccelerator.org\/fr\/wp-json\/wp\/v2\/pages\/158020\/revisions"}],"predecessor-version":[{"id":158022,"href":"https:\/\/preprod.climateactionaccelerator.org\/fr\/wp-json\/wp\/v2\/pages\/158020\/revisions\/158022"}],"wp:featuredmedia":[{"embeddable":true,"href":"https:\/\/preprod.climateactionaccelerator.org\/fr\/wp-json\/wp\/v2\/media\/158018"}],"wp:attachment":[{"href":"https:\/\/preprod.climateactionaccelerator.org\/fr\/wp-json\/wp\/v2\/media?parent=158020"}],"curies":[{"name":"wp","href":"https:\/\/api.w.org\/{rel}","templated":true}]}}