{"id":158251,"date":"2025-02-12T12:16:24","date_gmt":"2025-02-12T11:16:24","guid":{"rendered":"https:\/\/climateactionaccelerator.org\/?page_id=158251"},"modified":"2025-02-12T12:20:38","modified_gmt":"2025-02-12T11:20:38","slug":"principaux-enseignements-tires-des-evenements","status":"publish","type":"page","link":"https:\/\/preprod.climateactionaccelerator.org\/fr\/principaux-enseignements-tires-des-evenements\/","title":{"rendered":"Principaux enseignements tir\u00e9s des \u00e9v\u00e9nements"},"content":{"rendered":"","protected":false},"excerpt":{"rendered":"","protected":false},"author":21,"featured_media":158249,"parent":0,"menu_order":0,"comment_status":"closed","ping_status":"closed","template":"","meta":{"_acf_changed":false,"footnotes":""},"class_list":["post-158251","page","type-page","status-publish","has-post-thumbnail","hentry","tags-evenements","tags-publications-fr"],"acf":[],"_links":{"self":[{"href":"https:\/\/preprod.climateactionaccelerator.org\/fr\/wp-json\/wp\/v2\/pages\/158251","targetHints":{"allow":["GET"]}}],"collection":[{"href":"https:\/\/preprod.climateactionaccelerator.org\/fr\/wp-json\/wp\/v2\/pages"}],"about":[{"href":"https:\/\/preprod.climateactionaccelerator.org\/fr\/wp-json\/wp\/v2\/types\/page"}],"author":[{"embeddable":true,"href":"https:\/\/preprod.climateactionaccelerator.org\/fr\/wp-json\/wp\/v2\/users\/21"}],"replies":[{"embeddable":true,"href":"https:\/\/preprod.climateactionaccelerator.org\/fr\/wp-json\/wp\/v2\/comments?post=158251"}],"version-history":[{"count":2,"href":"https:\/\/preprod.climateactionaccelerator.org\/fr\/wp-json\/wp\/v2\/pages\/158251\/revisions"}],"predecessor-version":[{"id":158253,"href":"https:\/\/preprod.climateactionaccelerator.org\/fr\/wp-json\/wp\/v2\/pages\/158251\/revisions\/158253"}],"wp:featuredmedia":[{"embeddable":true,"href":"https:\/\/preprod.climateactionaccelerator.org\/fr\/wp-json\/wp\/v2\/media\/158249"}],"wp:attachment":[{"href":"https:\/\/preprod.climateactionaccelerator.org\/fr\/wp-json\/wp\/v2\/media?parent=158251"}],"curies":[{"name":"wp","href":"https:\/\/api.w.org\/{rel}","templated":true}]}}